{"id":721,"date":"2021-03-12T11:34:57","date_gmt":"2021-03-12T11:34:57","guid":{"rendered":"http:\/\/mersinkulturbalikcilari.org\/?page_id=721"},"modified":"2021-03-12T11:45:37","modified_gmt":"2021-03-12T11:45:37","slug":"mkbdylist","status":"publish","type":"page","link":"https:\/\/mersinkulturbalikcilari.org\/?page_id=721","title":{"rendered":"mkbdylist"},"content":{"rendered":"<div class=\"wpb-content-wrapper\"><p>[vc_row][vc_column][vc_column_text]<strong>Y\u00d6NET\u0130M KURULU AS\u0130L \u00dcYE L\u0130STES\u0130<\/strong><\/p>\n<ol>\n<li>Hakan ADAMCIL<\/li>\n<li>Melih GE\u00c7G\u0130L<\/li>\n<li>Nermin TUN\u00c7<\/li>\n<li>Uzay \u015eENT\u00dcRK<\/li>\n<li>Tuna YILG\u00d6RM\u00dc\u015e<\/li>\n<\/ol>\n<p><strong>Y\u00d6NET\u0130M KURULU YEDEK \u00dcYE L\u0130STES\u0130<\/strong><\/p>\n<ol>\n<li>\u0130hsan BOZAN<\/li>\n<li>S\u00fcleyman YILDIZHAN<\/li>\n<li>Burak AYG\u00dcR<\/li>\n<li>Nurcihan \u00c7AKIR<\/li>\n<\/ol>\n<p><strong>DENET\u0130M KURULU AS\u0130L \u00dcYE L\u0130STES\u0130<\/strong><\/p>\n<ol>\n<li>Ali KARA<\/li>\n<li>Eray YUVA<\/li>\n<li>Erbil BA\u015eRUH<\/li>\n<\/ol>\n<p><strong>DENET\u0130M KURULU YEDEK \u00dcYE L\u0130STES\u0130<\/strong><\/p>\n<ol>\n<li>Koray B\u0130LGEN<\/li>\n<li>Murat \u00c7ET\u0130N<\/li>\n<\/ol>\n<p>[\/vc_column_text][\/vc_column][\/vc_row]<\/p>\n<\/div>","protected":false},"excerpt":{"rendered":"<p>[vc_row][vc_column][vc_column_text]Y\u00d6NET\u0130M KURULU AS\u0130L \u00dcYE L\u0130STES\u0130 Hakan ADAMCIL Melih GE\u00c7G\u0130L Nermin TUN\u00c7 Uzay \u015eENT\u00dcRK Tuna YILG\u00d6RM\u00dc\u015e Y\u00d6NET\u0130M KURULU YEDEK \u00dcYE L\u0130STES\u0130 \u0130hsan BOZAN S\u00fcleyman YILDIZHAN Burak AYG\u00dcR Nurcihan \u00c7AKIR DENET\u0130M KURULU AS\u0130L \u00dcYE L\u0130STES\u0130 Ali KARA Eray YUVA Erbil BA\u015eRUH DENET\u0130M KURULU YEDEK \u00dcYE L\u0130STES\u0130 Koray B\u0130LGEN Murat \u00c7ET\u0130N [\/vc_column_text][\/vc_column][\/vc_row]<\/p>\n","protected":false},"author":1,"featured_media":0,"parent":0,"menu_order":0,"comment_status":"closed","ping_status":"closed","template":"","meta":{"footnotes":""},"_links":{"self":[{"href":"https:\/\/mersinkulturbalikcilari.org\/index.php?rest_route=\/wp\/v2\/pages\/721"}],"collection":[{"href":"https:\/\/mersinkulturbalikcilari.org\/index.php?rest_route=\/wp\/v2\/pages"}],"about":[{"href":"https:\/\/mersinkulturbalikcilari.org\/index.php?rest_route=\/wp\/v2\/types\/page"}],"author":[{"embeddable":true,"href":"https:\/\/mersinkulturbalikcilari.org\/index.php?rest_route=\/wp\/v2\/users\/1"}],"replies":[{"embeddable":true,"href":"https:\/\/mersinkulturbalikcilari.org\/index.php?rest_route=%2Fwp%2Fv2%2Fcomments&post=721"}],"version-history":[{"count":3,"href":"https:\/\/mersinkulturbalikcilari.org\/index.php?rest_route=\/wp\/v2\/pages\/721\/revisions"}],"predecessor-version":[{"id":724,"href":"https:\/\/mersinkulturbalikcilari.org\/index.php?rest_route=\/wp\/v2\/pages\/721\/revisions\/724"}],"wp:attachment":[{"href":"https:\/\/mersinkulturbalikcilari.org\/index.php?rest_route=%2Fwp%2Fv2%2Fmedia&parent=721"}],"curies":[{"name":"wp","href":"https:\/\/api.w.org\/{rel}","templated":true}]}}